{"id":1000,"date":"2021-12-23T12:00:07","date_gmt":"2021-12-23T11:00:07","guid":{"rendered":"https:\/\/ww2.hotellabeauze.fr\/?page_id=1000"},"modified":"2025-12-16T18:33:31","modified_gmt":"2025-12-16T17:33:31","slug":"preise","status":"publish","type":"page","link":"https:\/\/www.hotellabeauze.fr\/de\/preise\/","title":{"rendered":"Preise"},"content":{"rendered":"<p>[et_pb_section fb_built=&#8220;1&#8243; _builder_version=&#8220;4.16&#8243; _module_preset=&#8220;default&#8220; background_enable_color=&#8220;off&#8220; use_background_color_gradient=&#8220;on&#8220; background_color_gradient_stops=&#8220;rgba(0,0,0,0.3) 0%|rgba(0,0,0,0.3) 100%&#8220; background_color_gradient_overlays_image=&#8220;on&#8220; background_color_gradient_start=&#8220;rgba(0,0,0,0.3)&#8220; background_color_gradient_end=&#8220;rgba(0,0,0,0.3)&#8220; background_image=&#8220;https:\/\/www.hotellabeauze.fr\/wp-content\/uploads\/2021\/10\/HOTELLABEAUZE-reception.jpg&#8220; global_colors_info=&#8220;{}&#8220;][et_pb_row _builder_version=&#8220;4.16&#8243; _module_preset=&#8220;default&#8220; global_colors_info=&#8220;{}&#8220;][et_pb_column type=&#8220;4_4&#8243; _builder_version=&#8220;4.16&#8243; _module_preset=&#8220;default&#8220; global_colors_info=&#8220;{}&#8220;][et_pb_text _builder_version=&#8220;4.16&#8243; _module_preset=&#8220;default&#8220; header_text_color=&#8220;#FFFFFF&#8220; text_orientation=&#8220;center&#8220; global_colors_info=&#8220;{}&#8220;]<\/p>\n<h1>Preise<\/h1>\n<p>[\/et_pb_text][\/et_pb_column][\/et_pb_row][\/et_pb_section][et_pb_section fb_built=&#8220;1&#8243; module_id=&#8220;scroll&#8220; _builder_version=&#8220;4.16&#8243; _module_preset=&#8220;default&#8220; background_color=&#8220;RGBA(0,0,0,0)&#8220; background_enable_image=&#8220;off&#8220; global_colors_info=&#8220;{}&#8220;][et_pb_row column_structure=&#8220;1_2,1_2&#8243; make_equal=&#8220;on&#8220; _builder_version=&#8220;4.16&#8243; _module_preset=&#8220;default&#8220; global_colors_info=&#8220;{}&#8220;][et_pb_column type=&#8220;1_2&#8243; _builder_version=&#8220;4.16&#8243; _module_preset=&#8220;default&#8220; custom_padding=&#8220;||30px||false|false&#8220; custom_css_main_element=&#8220;margin: auto;&#8220; global_colors_info=&#8220;{}&#8220;][et_pb_image src=&#8220;https:\/\/www.hotellabeauze.fr\/wp-content\/uploads\/2021\/11\/HOTELLABEAUZE-chambre2.jpg&#8220; title_text=&#8220;HOTELLABEAUZE-chambre2&#8243; force_fullwidth=&#8220;on&#8220; _builder_version=&#8220;4.16&#8243; _module_preset=&#8220;default&#8220; min_height_tablet=&#8220;400px&#8220; min_height_phone=&#8220;250px&#8220; min_height_last_edited=&#8220;off|desktop&#8220; max_height_last_edited=&#8220;off|desktop&#8220; global_colors_info=&#8220;{}&#8220;][\/et_pb_image][\/et_pb_column][et_pb_column type=&#8220;1_2&#8243; _builder_version=&#8220;4.16&#8243; _module_preset=&#8220;default&#8220; custom_padding=&#8220;|40px||40px|false|true&#8220; custom_padding_tablet=&#8220;|0px||0px|false|true&#8220; custom_padding_phone=&#8220;|0px||0px|false|true&#8220; custom_padding_last_edited=&#8220;on|tablet&#8220; custom_css_main_element=&#8220;margin: auto;&#8220; global_colors_info=&#8220;{}&#8220;][et_pb_text module_class=&#8220;tab_price tab_price_without_desc&#8220; _builder_version=&#8220;4.16&#8243; _module_preset=&#8220;default&#8220; background_color=&#8220;RGBA(0,0,0,0)&#8220; text_orientation=&#8220;center&#8220; custom_margin=&#8220;||||false|false&#8220; custom_padding=&#8220;||||false|false&#8220; global_colors_info=&#8220;{}&#8220;]<\/p>\n<h2>Zimmer<\/h2>\n<p>[\/et_pb_text][dipi_price_list item_padding=&#8220;||||false|false&#8220; item_text_padding=&#8220;||||false|false&#8220; separator_style=&#8220;none&#8220; separator_color=&#8220;#333333&#8243; _builder_version=&#8220;4.16&#8243; _module_preset=&#8220;default&#8220; title_font=&#8220;Raleway||||||||&#8220; title_font_size=&#8220;18px&#8220; price_text_align=&#8220;right&#8220; custom_margin=&#8220;||||false|false&#8220; hover_enabled=&#8220;0&#8243; global_colors_info=&#8220;{}&#8220; sticky_enabled=&#8220;0&#8243;][dipi_price_list_item title=&#8220;Confort Zimmer 160&#215;200 &#8220; price=&#8220;\u20ac 85.00pro Nacht&#8220; _builder_version=&#8220;4.24.2&#8243; _module_preset=&#8220;default&#8220; title_level=&#8220;h6&#8243; global_colors_info=&#8220;{}&#8220;][\/dipi_price_list_item][dipi_price_list_item title=&#8220;Confort Zimmer Queensize160x200\/2x80x200 oder Kingsize 180&#215;200\/2x90x200&#8243; price=&#8220;\u20ac 97.50 pro Nacht&#8220; _builder_version=&#8220;4.27.5&#8243; _module_preset=&#8220;default&#8220; title_level=&#8220;h6&#8243; hover_enabled=&#8220;0&#8243; global_colors_info=&#8220;{}&#8220; sticky_enabled=&#8220;0&#8243;][\/dipi_price_list_item][dipi_price_list_item title=&#8220;Superior Zimmer Super Kingsize 180&#215;210\/2x90x210&#8243; price=&#8220;\u20ac110.00 pro Nacht&#8220; _builder_version=&#8220;4.27.5&#8243; _module_preset=&#8220;default&#8220; title_level=&#8220;h6&#8243; hover_enabled=&#8220;0&#8243; global_colors_info=&#8220;{}&#8220; sticky_enabled=&#8220;0&#8243;][\/dipi_price_list_item][\/dipi_price_list][et_pb_text _builder_version=&#8220;4.16&#8243; _module_preset=&#8220;default&#8220; text_font_size=&#8220;12px&#8220; global_colors_info=&#8220;{}&#8220;]<em>Wir akzeptieren Visa und Mastercard<\/em>[\/et_pb_text][et_pb_button button_url=&#8220;https:\/\/booking.roomraccoon.fr\/hotel-la-beauze\/de\/&#8220; button_text=&#8220;Buchen&#8220; button_alignment=&#8220;center&#8220; _builder_version=&#8220;4.16&#8243; _module_preset=&#8220;default&#8220; custom_button=&#8220;on&#8220; button_font=&#8220;|||on|||||&#8220; button_use_icon=&#8220;off&#8220; global_colors_info=&#8220;{}&#8220;][\/et_pb_button][\/et_pb_column][\/et_pb_row][\/et_pb_section][et_pb_section fb_built=&#8220;1&#8243; module_class=&#8220;dc_inverser_colonnes-section&#8220; _builder_version=&#8220;4.16&#8243; _module_preset=&#8220;default&#8220; background_color=&#8220;RGBA(0,0,0,0)&#8220; background_enable_image=&#8220;off&#8220; global_colors_info=&#8220;{}&#8220;][et_pb_row column_structure=&#8220;1_2,1_2&#8243; make_equal=&#8220;on&#8220; module_class=&#8220;dc_inverser_colonnes-ligne&#8220; _builder_version=&#8220;4.16&#8243; _module_preset=&#8220;default&#8220; background_enable_image=&#8220;off&#8220; background_size=&#8220;initial&#8220; background_position=&#8220;bottom_left&#8220; global_colors_info=&#8220;{}&#8220;][et_pb_column type=&#8220;1_2&#8243; _builder_version=&#8220;4.16&#8243; _module_preset=&#8220;default&#8220; custom_padding=&#8220;|40px||40px|false|true&#8220; custom_padding_tablet=&#8220;|0px||0px|false|true&#8220; custom_padding_phone=&#8220;|0px||0px|false|true&#8220; custom_padding_last_edited=&#8220;on|tablet&#8220; custom_css_main_element=&#8220;margin: auto&#8220; global_colors_info=&#8220;{}&#8220;][et_pb_text _builder_version=&#8220;4.16&#8243; _module_preset=&#8220;default&#8220; text_orientation=&#8220;center&#8220; global_colors_info=&#8220;{}&#8220;]<\/p>\n<h2>Mahlzeit<\/h2>\n<p>[\/et_pb_text][dipi_price_list item_padding=&#8220;||||false|false&#8220; item_text_padding=&#8220;||||false|false&#8220; separator_style=&#8220;none&#8220; separator_color=&#8220;#333333&#8243; _builder_version=&#8220;4.27.4&#8243; _module_preset=&#8220;default&#8220; title_font=&#8220;Raleway||||||||&#8220; title_font_size=&#8220;18px&#8220; price_text_align=&#8220;right&#8220; custom_margin=&#8220;||||false|false&#8220; global_colors_info=&#8220;{}&#8220;][dipi_price_list_item title=&#8220;Fr\u00fchst\u00fcck (f\u00fcr Kinder unter 8 Jahren kostenlos)&#8220; price=&#8220;\u20ac10\/Person&#8220; _builder_version=&#8220;4.27.4&#8243; _module_preset=&#8220;default&#8220; title_level=&#8220;h6&#8243; global_colors_info=&#8220;{}&#8220;][\/dipi_price_list_item][dipi_price_list_item title=&#8220;Kleines Fr\u00fchst\u00fcck ( Kaffee, Croissant, Fr\u00fcchtensaft)&#8220; price=&#8220;\u20ac6\/Person&#8220; _builder_version=&#8220;4.27.4&#8243; _module_preset=&#8220;default&#8220; title_level=&#8220;h6&#8243; global_colors_info=&#8220;{}&#8220;][\/dipi_price_list_item][dipi_price_list_item title=&#8220;Tagesmenu ( Montag, Dienstag und Mittwoch)&#8220; price=&#8220;\u20ac19,50\/Person&#8220; _builder_version=&#8220;4.27.4&#8243; _module_preset=&#8220;default&#8220; title_level=&#8220;h6&#8243; global_colors_info=&#8220;{}&#8220;][\/dipi_price_list_item][\/dipi_price_list][et_pb_text _builder_version=&#8220;4.16&#8243; _module_preset=&#8220;default&#8220; text_font_size=&#8220;12px&#8220; global_colors_info=&#8220;{}&#8220;]<em>Wir akzeptieren Visa und Mastercard<\/em>[\/et_pb_text][\/et_pb_column][et_pb_column type=&#8220;1_2&#8243; _builder_version=&#8220;4.16&#8243; _module_preset=&#8220;default&#8220; custom_padding=&#8220;||30px||false|false&#8220; global_colors_info=&#8220;{}&#8220;][et_pb_image src=&#8220;https:\/\/www.hotellabeauze.fr\/wp-content\/uploads\/2021\/10\/HOTELLABEAUZE-petite-dejeuner.jpg&#8220; title_text=&#8220;HOTELLABEAUZE-petite-dejeuner&#8220; force_fullwidth=&#8220;on&#8220; _builder_version=&#8220;4.16&#8243; _module_preset=&#8220;default&#8220; max_height=&#8220;700px&#8220; global_colors_info=&#8220;{}&#8220;][\/et_pb_image][\/et_pb_column][\/et_pb_row][\/et_pb_section][et_pb_section fb_built=&#8220;1&#8243; _builder_version=&#8220;4.16&#8243; _module_preset=&#8220;default&#8220; background_color=&#8220;RGBA(0,0,0,0)&#8220; background_enable_image=&#8220;off&#8220; global_colors_info=&#8220;{}&#8220;][et_pb_row column_structure=&#8220;1_2,1_2&#8243; make_equal=&#8220;on&#8220; _builder_version=&#8220;4.16&#8243; _module_preset=&#8220;default&#8220; global_colors_info=&#8220;{}&#8220;][et_pb_column type=&#8220;1_2&#8243; _builder_version=&#8220;4.16&#8243; _module_preset=&#8220;default&#8220; global_colors_info=&#8220;{}&#8220;][et_pb_image src=&#8220;https:\/\/www.hotellabeauze.fr\/wp-content\/uploads\/2021\/10\/HOTELLABEAUZE-panorama.jpg&#8220; title_text=&#8220;HOTELLABEAUZE-panorama&#8220; force_fullwidth=&#8220;on&#8220; _builder_version=&#8220;4.16&#8243; _module_preset=&#8220;default&#8220; max_height=&#8220;700px&#8220; global_colors_info=&#8220;{}&#8220;][\/et_pb_image][\/et_pb_column][et_pb_column type=&#8220;1_2&#8243; _builder_version=&#8220;4.16&#8243; _module_preset=&#8220;default&#8220; custom_padding=&#8220;|40px||40px|false|true&#8220; custom_padding_tablet=&#8220;|0px||0px|false|true&#8220; custom_padding_phone=&#8220;|0px||0px|false|true&#8220; custom_padding_last_edited=&#8220;on|tablet&#8220; custom_css_main_element=&#8220;margin: auto;&#8220; global_colors_info=&#8220;{}&#8220;][et_pb_text _builder_version=&#8220;4.16&#8243; _module_preset=&#8220;default&#8220; text_orientation=&#8220;center&#8220; global_colors_info=&#8220;{}&#8220;]<\/p>\n<h2>Andere<\/h2>\n<p>[\/et_pb_text][dipi_price_list item_padding=&#8220;||||false|false&#8220; item_text_padding=&#8220;||||false|false&#8220; separator_style=&#8220;none&#8220; separator_color=&#8220;#333333&#8243; _builder_version=&#8220;4.27.4&#8243; _module_preset=&#8220;default&#8220; title_font=&#8220;Raleway||||||||&#8220; title_font_size=&#8220;18px&#8220; price_text_align=&#8220;right&#8220; custom_margin=&#8220;||||false|false&#8220; global_colors_info=&#8220;{}&#8220;][dipi_price_list_item title=&#8220;Parkplatz&#8220; price=&#8220;Frei&#8220; _builder_version=&#8220;4.16&#8243; _module_preset=&#8220;default&#8220; title_level=&#8220;h6&#8243; global_colors_info=&#8220;{}&#8220;][\/dipi_price_list_item][dipi_price_list_item title=&#8220;Aufladen Elektroauto&#8220; price=&#8220;0,60\/kWh&#8220; _builder_version=&#8220;4.27.4&#8243; _module_preset=&#8220;default&#8220; global_colors_info=&#8220;{}&#8220;][\/dipi_price_list_item][dipi_price_list_item title=&#8220;Kurtaxe pro Tag \/ Person&#8220; price=&#8220;\u20ac1,00&#8243; _builder_version=&#8220;4.23.1&#8243; _module_preset=&#8220;default&#8220; title_level=&#8220;h6&#8243; global_colors_info=&#8220;{}&#8220;][\/dipi_price_list_item][\/dipi_price_list][et_pb_text _builder_version=&#8220;4.16&#8243; _module_preset=&#8220;default&#8220; text_font_size=&#8220;12px&#8220; global_colors_info=&#8220;{}&#8220;]<em>Wir akzeptieren Visa und Mastercard<\/em>[\/et_pb_text][et_pb_text _builder_version=&#8220;4.16&#8243; _module_preset=&#8220;default&#8220; text_font=&#8220;Satisfy||||||||&#8220; text_text_color=&#8220;#333333&#8243; text_font_size=&#8220;38px&#8220; text_orientation=&#8220;center&#8220; global_colors_info=&#8220;{}&#8220;]Eine Frage?[\/et_pb_text][et_pb_button button_url=&#8220;@ET-DC@eyJkeW5hbWljIjp0cnVlLCJjb250ZW50IjoicG9zdF9saW5rX3VybF9wYWdlIiwic2V0dGluZ3MiOnsicG9zdF9pZCI6IjE3NCJ9fQ==@&#8220; button_text=&#8220;Kontaktiere uns&#8220; button_alignment=&#8220;center&#8220; _builder_version=&#8220;4.16&#8243; _dynamic_attributes=&#8220;button_url&#8220; _module_preset=&#8220;default&#8220; custom_button=&#8220;on&#8220; button_font=&#8220;|||on|||||&#8220; button_use_icon=&#8220;off&#8220; global_colors_info=&#8220;{}&#8220;][\/et_pb_button][\/et_pb_column][\/et_pb_row][\/et_pb_section]<\/p>\n","protected":false},"excerpt":{"rendered":"<p>PreiseZimmer<div class=\"et_pb_module dipi_price_list dipi_price_list_0\">\n\t\t\t\t\n\t\t\t\t\n\t\t\t\t\n\t\t\t\t\n\t\t\t\t\n\t\t\t\t\n\t\t\t\t<div class=\"et_pb_module_inner\">\n\t\t\t\t\t\n\t\t\t<div class=\"dipi_price_list-main show_lightbox show_lightbox_tablet show_lightbox_phone\">\n\t\t\t\t<div class=\"et_pb_module dipi_price_list_item dipi_price_list_item_0\">\n\t\t\t\t\n\t\t\t\t\n\t\t\t\t\n\t\t\t\t\n\t\t\t\t\n\t\t\t\t\n\t\t\t\t<div class=\"et_pb_module_inner\">\n\t\t\t\t\t<div class=\"dipi_price_list_item_wrapper\">\n                \n        \t\t<div class=\"dipi_price_list_text_wrapper\">\n        \t\t\t<div class=\"dipi_price_list_header\">\n        \t\t\t\t<h6 class=\"dipi_price_list_title\">Confort Zimmer 160x200 <\/h6>\n                        <div class=\"dipi_price_list_separator\"><\/div>\n        \t\t\t\t<div class=\"dipi_price_list_price\"><span class=\"dipi_price_list_prefix_price\"><\/span>\u20ac 85.00pro Nacht<span class=\"dipi_price_list_suffix_price\"><\/span><\/div>\n        \t\t\t<\/div>\n        \t\t\t<div class=\"dipi_price_list_content\">\n                        \n        \t\t\t<\/div>\n        \t\t<\/div>\n        \t<\/div>\n\t\t\t\t<\/div>\n\t\t\t<\/div><div class=\"et_pb_module dipi_price_list_item dipi_price_list_item_1\">\n\t\t\t\t\n\t\t\t\t\n\t\t\t\t\n\t\t\t\t\n\t\t\t\t\n\t\t\t\t\n\t\t\t\t<div class=\"et_pb_module_inner\">\n\t\t\t\t\t<div class=\"dipi_price_list_item_wrapper\">\n                \n        \t\t<div class=\"dipi_price_list_text_wrapper\">\n        \t\t\t<div class=\"dipi_price_list_header\">\n        \t\t\t\t<h6 class=\"dipi_price_list_title\">Confort Zimmer Queensize160x200\/2x80x200 oder Kingsize 180x200\/2x90x200<\/h6>\n                        <div class=\"dipi_price_list_separator\"><\/div>\n        \t\t\t\t<div class=\"dipi_price_list_price\"><span class=\"dipi_price_list_prefix_price\"><\/span>\u20ac 97.50 pro Nacht<span class=\"dipi_price_list_suffix_price\"><\/span><\/div>\n        \t\t\t<\/div>\n        \t\t\t<div class=\"dipi_price_list_content\">\n                        \n        \t\t\t<\/div>\n        \t\t<\/div>\n        \t<\/div>\n\t\t\t\t<\/div>\n\t\t\t<\/div><div class=\"et_pb_module dipi_price_list_item dipi_price_list_item_2\">\n\t\t\t\t\n\t\t\t\t\n\t\t\t\t\n\t\t\t\t\n\t\t\t\t\n\t\t\t\t\n\t\t\t\t<div class=\"et_pb_module_inner\">\n\t\t\t\t\t<div class=\"dipi_price_list_item_wrapper\">\n                \n        \t\t<div class=\"dipi_price_list_text_wrapper\">\n        \t\t\t<div class=\"dipi_price_list_header\">\n        \t\t\t\t<h6 class=\"dipi_price_list_title\">Superior Zimmer Super Kingsize 180x210\/2x90x210<\/h6>\n                        <div class=\"dipi_price_list_separator\"><\/div>\n        \t\t\t\t<div class=\"dipi_price_list_price\"><span class=\"dipi_price_list_prefix_price\"><\/span>\u20ac110.00 pro Nacht<span class=\"dipi_price_list_suffix_price\"><\/span><\/div>\n        \t\t\t<\/div>\n        \t\t\t<div class=\"dipi_price_list_content\">\n                        \n        \t\t\t<\/div>\n        \t\t<\/div>\n        \t<\/div>\n\t\t\t\t<\/div>\n\t\t\t<\/div>\n\t\t\t<\/div>\n\t\t\t\t<\/div>\n\t\t\t<\/div>Wir [&hellip;]<\/p>\n","protected":false},"author":2,"featured_media":0,"parent":0,"menu_order":0,"comment_status":"closed","ping_status":"closed","template":"","meta":{"_et_pb_use_builder":"on","_et_pb_old_content":"","_et_gb_content_width":"","footnotes":""},"dipi_cpt_category":[],"class_list":["post-1000","page","type-page","status-publish","hentry"],"yoast_head":"<!-- This site is optimized with the Yoast SEO plugin v27.5 - https:\/\/yoast.com\/product\/yoast-seo-wordpress\/ -->\n<title>Preise - H\u00f4tel la Beauze<\/title>\n<meta name=\"robots\" content=\"index, follow, max-snippet:-1, max-image-preview:large, max-video-preview:-1\" \/>\n<link rel=\"canonical\" href=\"https:\/\/www.hotellabeauze.fr\/de\/preise\/\" \/>\n<meta property=\"og:locale\" content=\"de_DE\" \/>\n<meta property=\"og:type\" content=\"article\" \/>\n<meta property=\"og:title\" content=\"Preise - H\u00f4tel la Beauze\" \/>\n<meta property=\"og:description\" content=\"PreiseZimmerWir [&hellip;]\" \/>\n<meta property=\"og:url\" content=\"https:\/\/www.hotellabeauze.fr\/de\/preise\/\" \/>\n<meta property=\"og:site_name\" content=\"H\u00f4tel la Beauze\" \/>\n<meta property=\"article:modified_time\" content=\"2025-12-16T17:33:31+00:00\" \/>\n<meta name=\"twitter:card\" content=\"summary_large_image\" \/>\n<meta name=\"twitter:label1\" content=\"Gesch\u00e4tzte Lesezeit\" \/>\n\t<meta name=\"twitter:data1\" content=\"6\u00a0Minuten\" \/>\n<script type=\"application\/ld+json\" class=\"yoast-schema-graph\">{\"@context\":\"https:\\\/\\\/schema.org\",\"@graph\":[{\"@type\":\"WebPage\",\"@id\":\"https:\\\/\\\/www.hotellabeauze.fr\\\/de\\\/preise\\\/\",\"url\":\"https:\\\/\\\/www.hotellabeauze.fr\\\/de\\\/preise\\\/\",\"name\":\"Preise - H\u00f4tel la Beauze\",\"isPartOf\":{\"@id\":\"https:\\\/\\\/www.hotellabeauze.fr\\\/#website\"},\"datePublished\":\"2021-12-23T11:00:07+00:00\",\"dateModified\":\"2025-12-16T17:33:31+00:00\",\"breadcrumb\":{\"@id\":\"https:\\\/\\\/www.hotellabeauze.fr\\\/de\\\/preise\\\/#breadcrumb\"},\"inLanguage\":\"de\",\"potentialAction\":[{\"@type\":\"ReadAction\",\"target\":[\"https:\\\/\\\/www.hotellabeauze.fr\\\/de\\\/preise\\\/\"]}]},{\"@type\":\"BreadcrumbList\",\"@id\":\"https:\\\/\\\/www.hotellabeauze.fr\\\/de\\\/preise\\\/#breadcrumb\",\"itemListElement\":[{\"@type\":\"ListItem\",\"position\":1,\"name\":\"Accueil\",\"item\":\"https:\\\/\\\/www.hotellabeauze.fr\\\/de\\\/\"},{\"@type\":\"ListItem\",\"position\":2,\"name\":\"Preise\"}]},{\"@type\":\"WebSite\",\"@id\":\"https:\\\/\\\/www.hotellabeauze.fr\\\/#website\",\"url\":\"https:\\\/\\\/www.hotellabeauze.fr\\\/\",\"name\":\"H\u00f4tel la Beauze\",\"description\":\"Ouvrez la parenth\u00e8se, ralentissez, profitez.\",\"potentialAction\":[{\"@type\":\"SearchAction\",\"target\":{\"@type\":\"EntryPoint\",\"urlTemplate\":\"https:\\\/\\\/www.hotellabeauze.fr\\\/?s={search_term_string}\"},\"query-input\":{\"@type\":\"PropertyValueSpecification\",\"valueRequired\":true,\"valueName\":\"search_term_string\"}}],\"inLanguage\":\"de\"}]}<\/script>\n<!-- \/ Yoast SEO plugin. -->","yoast_head_json":{"title":"Preise - H\u00f4tel la Beauze","robots":{"index":"index","follow":"follow","max-snippet":"max-snippet:-1","max-image-preview":"max-image-preview:large","max-video-preview":"max-video-preview:-1"},"canonical":"https:\/\/www.hotellabeauze.fr\/de\/preise\/","og_locale":"de_DE","og_type":"article","og_title":"Preise - H\u00f4tel la Beauze","og_description":"PreiseZimmerWir [&hellip;]","og_url":"https:\/\/www.hotellabeauze.fr\/de\/preise\/","og_site_name":"H\u00f4tel la Beauze","article_modified_time":"2025-12-16T17:33:31+00:00","twitter_card":"summary_large_image","twitter_misc":{"Gesch\u00e4tzte Lesezeit":"6\u00a0Minuten"},"schema":{"@context":"https:\/\/schema.org","@graph":[{"@type":"WebPage","@id":"https:\/\/www.hotellabeauze.fr\/de\/preise\/","url":"https:\/\/www.hotellabeauze.fr\/de\/preise\/","name":"Preise - H\u00f4tel la Beauze","isPartOf":{"@id":"https:\/\/www.hotellabeauze.fr\/#website"},"datePublished":"2021-12-23T11:00:07+00:00","dateModified":"2025-12-16T17:33:31+00:00","breadcrumb":{"@id":"https:\/\/www.hotellabeauze.fr\/de\/preise\/#breadcrumb"},"inLanguage":"de","potentialAction":[{"@type":"ReadAction","target":["https:\/\/www.hotellabeauze.fr\/de\/preise\/"]}]},{"@type":"BreadcrumbList","@id":"https:\/\/www.hotellabeauze.fr\/de\/preise\/#breadcrumb","itemListElement":[{"@type":"ListItem","position":1,"name":"Accueil","item":"https:\/\/www.hotellabeauze.fr\/de\/"},{"@type":"ListItem","position":2,"name":"Preise"}]},{"@type":"WebSite","@id":"https:\/\/www.hotellabeauze.fr\/#website","url":"https:\/\/www.hotellabeauze.fr\/","name":"H\u00f4tel la Beauze","description":"Ouvrez la parenth\u00e8se, ralentissez, profitez.","potentialAction":[{"@type":"SearchAction","target":{"@type":"EntryPoint","urlTemplate":"https:\/\/www.hotellabeauze.fr\/?s={search_term_string}"},"query-input":{"@type":"PropertyValueSpecification","valueRequired":true,"valueName":"search_term_string"}}],"inLanguage":"de"}]}},"_links":{"self":[{"href":"https:\/\/www.hotellabeauze.fr\/de\/wp-json\/wp\/v2\/pages\/1000","targetHints":{"allow":["GET"]}}],"collection":[{"href":"https:\/\/www.hotellabeauze.fr\/de\/wp-json\/wp\/v2\/pages"}],"about":[{"href":"https:\/\/www.hotellabeauze.fr\/de\/wp-json\/wp\/v2\/types\/page"}],"author":[{"embeddable":true,"href":"https:\/\/www.hotellabeauze.fr\/de\/wp-json\/wp\/v2\/users\/2"}],"replies":[{"embeddable":true,"href":"https:\/\/www.hotellabeauze.fr\/de\/wp-json\/wp\/v2\/comments?post=1000"}],"version-history":[{"count":21,"href":"https:\/\/www.hotellabeauze.fr\/de\/wp-json\/wp\/v2\/pages\/1000\/revisions"}],"predecessor-version":[{"id":33739,"href":"https:\/\/www.hotellabeauze.fr\/de\/wp-json\/wp\/v2\/pages\/1000\/revisions\/33739"}],"wp:attachment":[{"href":"https:\/\/www.hotellabeauze.fr\/de\/wp-json\/wp\/v2\/media?parent=1000"}],"wp:term":[{"taxonomy":"dipi_cpt_category","embeddable":true,"href":"https:\/\/www.hotellabeauze.fr\/de\/wp-json\/wp\/v2\/dipi_cpt_category?post=1000"}],"curies":[{"name":"wp","href":"https:\/\/api.w.org\/{rel}","templated":true}]}}