{"id":1014,"date":"2021-12-23T12:12:43","date_gmt":"2021-12-23T11:12:43","guid":{"rendered":"https:\/\/ww2.hotellabeauze.fr\/?page_id=1014"},"modified":"2022-01-25T13:53:25","modified_gmt":"2022-01-25T12:53:25","slug":"die-umgebung","status":"publish","type":"page","link":"https:\/\/www.hotellabeauze.fr\/de\/die-umgebung\/","title":{"rendered":"Die Umgebung"},"content":{"rendered":"<p>[et_pb_section fb_built=&#8220;1&#8243; _builder_version=&#8220;4.11.4&#8243; _module_preset=&#8220;default&#8220; background_enable_color=&#8220;off&#8220; use_background_color_gradient=&#8220;on&#8220; background_color_gradient_start=&#8220;rgba(0,0,0,0.3)&#8220; background_color_gradient_end=&#8220;rgba(0,0,0,0.3)&#8220; background_color_gradient_overlays_image=&#8220;on&#8220; background_image=&#8220;https:\/\/www.hotellabeauze.fr\/wp-content\/uploads\/2021\/10\/HOTELLABEAUZE-jardin.jpg&#8220; global_colors_info=&#8220;{}&#8220;][et_pb_row _builder_version=&#8220;4.11.4&#8243; _module_preset=&#8220;default&#8220; global_colors_info=&#8220;{}&#8220;][et_pb_column type=&#8220;4_4&#8243; _builder_version=&#8220;4.11.4&#8243; _module_preset=&#8220;default&#8220; global_colors_info=&#8220;{}&#8220;][et_pb_text _builder_version=&#8220;4.14.5&#8243; _module_preset=&#8220;default&#8220; header_text_color=&#8220;#FFFFFF&#8220; text_orientation=&#8220;center&#8220; hover_enabled=&#8220;0&#8243; global_colors_info=&#8220;{}&#8220; sticky_enabled=&#8220;0&#8243;]<\/p>\n<h1>Die Umgebung<\/h1>\n<p>[\/et_pb_text][\/et_pb_column][\/et_pb_row][\/et_pb_section][et_pb_section fb_built=&#8220;1&#8243; _builder_version=&#8220;4.13.1&#8243; _module_preset=&#8220;default&#8220; global_colors_info=&#8220;{}&#8220;][et_pb_row column_structure=&#8220;1_2,1_2&#8243; _builder_version=&#8220;4.14.1&#8243; _module_preset=&#8220;default&#8220; global_colors_info=&#8220;{}&#8220;][et_pb_column type=&#8220;1_2&#8243; _builder_version=&#8220;4.14.1&#8243; _module_preset=&#8220;default&#8220; custom_padding=&#8220;|40px||40px|false|true&#8220; custom_padding_tablet=&#8220;|0px||0px|false|true&#8220; custom_padding_phone=&#8220;|0px||0px|false|true&#8220; custom_padding_last_edited=&#8220;on|tablet&#8220; global_colors_info=&#8220;{}&#8220;][et_pb_text _builder_version=&#8220;4.14.5&#8243; _module_preset=&#8220;default&#8220; global_colors_info=&#8220;{}&#8220;]<\/p>\n<p>Limousin ist <strong>ein Paradies f\u00fcr Naturfreunde<\/strong> (unter anderem Wandern, Angeln, Rad fahren, Reiten und Golf spielen).<\/p>\n<p>Limousin besteht aus <strong>den D\u00e9partements Creuse, Corr\u00e8ze und Haute-Vienne<\/strong>. Durch das bewaldete und h\u00fcgelige Gebiet str\u00f6men viele Fl\u00fcsse. <strong>Die zahllosen Seen, mittelalterlichen D\u00f6rfer, romanischen Kirchen und der charakteristische Baustil machen, dass dieses Gebiet der M\u00fche wert ist, um noch mehr zu entdecken.<\/strong><\/p>\n<p>Die Region besitzt ein besonders reiches und historisches Kulturerbe. <strong>Davon zeugen die vielen Schl\u00f6sser und Burgen an der Route Richard L\u00f6wenherz sowie der Pilgerweg (Lemovicensis), der durch das Creuse nach Santiago de Compostella f\u00fchrt.<\/strong><\/p>\n<p>Andere Besonderheiten sind das Porzellan aus Limoges, das Email aus der Limousin und die Wandteppiche aus Aubusson, die durch die alten kunstvollen Traditionen lebend erhalten werden und die internationale Anerkennung finden. <strong>Im Sommer bietet die Region auch viele kulturelle Feste, Ausstellungen und Veranstaltungen, die weit \u00fcber die regionalen und \u00fcberregionalen Grenzen hinaus bekannt sind.<\/strong><\/p>\n<p>[\/et_pb_text][\/et_pb_column][et_pb_column type=&#8220;1_2&#8243; _builder_version=&#8220;4.13.1&#8243; _module_preset=&#8220;default&#8220; global_colors_info=&#8220;{}&#8220;][et_pb_video src=&#8220;https:\/\/www.youtube.com\/watch?v=bYocnQlvtLE&#8220; _builder_version=&#8220;4.13.1&#8243; _module_preset=&#8220;default&#8220; global_colors_info=&#8220;{}&#8220;][\/et_pb_video][\/et_pb_column][\/et_pb_row][\/et_pb_section]<\/p>\n","protected":false},"excerpt":{"rendered":"<p>Die UmgebungLimousin ist ein Paradies f\u00fcr Naturfreunde (unter anderem Wandern, Angeln, Rad fahren, Reiten und Golf spielen). Limousin besteht aus den D\u00e9partements Creuse, Corr\u00e8ze und Haute-Vienne. Durch das bewaldete und h\u00fcgelige Gebiet str\u00f6men viele Fl\u00fcsse. Die zahllosen Seen, mittelalterlichen D\u00f6rfer, romanischen Kirchen und der charakteristische Baustil machen, dass dieses Gebiet der M\u00fche wert ist, um [&hellip;]<\/p>\n","protected":false},"author":2,"featured_media":0,"parent":0,"menu_order":0,"comment_status":"closed","ping_status":"closed","template":"","meta":{"_et_pb_use_builder":"on","_et_pb_old_content":"","_et_gb_content_width":"","footnotes":""},"dipi_cpt_category":[],"class_list":["post-1014","page","type-page","status-publish","hentry"],"yoast_head":"<!-- This site is optimized with the Yoast SEO plugin v27.5 - https:\/\/yoast.com\/product\/yoast-seo-wordpress\/ -->\n<title>Die Umgebung - H\u00f4tel la Beauze<\/title>\n<meta name=\"robots\" content=\"index, follow, max-snippet:-1, max-image-preview:large, max-video-preview:-1\" \/>\n<link rel=\"canonical\" href=\"https:\/\/www.hotellabeauze.fr\/de\/die-umgebung\/\" \/>\n<meta property=\"og:locale\" content=\"de_DE\" \/>\n<meta property=\"og:type\" content=\"article\" \/>\n<meta property=\"og:title\" content=\"Die Umgebung - H\u00f4tel la Beauze\" \/>\n<meta property=\"og:description\" content=\"Die UmgebungLimousin ist ein Paradies f\u00fcr Naturfreunde (unter anderem Wandern, Angeln, Rad fahren, Reiten und Golf spielen). Limousin besteht aus den D\u00e9partements Creuse, Corr\u00e8ze und Haute-Vienne. Durch das bewaldete und h\u00fcgelige Gebiet str\u00f6men viele Fl\u00fcsse. Die zahllosen Seen, mittelalterlichen D\u00f6rfer, romanischen Kirchen und der charakteristische Baustil machen, dass dieses Gebiet der M\u00fche wert ist, um [&hellip;]\" \/>\n<meta property=\"og:url\" content=\"https:\/\/www.hotellabeauze.fr\/de\/die-umgebung\/\" \/>\n<meta property=\"og:site_name\" content=\"H\u00f4tel la Beauze\" \/>\n<meta property=\"article:modified_time\" content=\"2022-01-25T12:53:25+00:00\" \/>\n<meta name=\"twitter:card\" content=\"summary_large_image\" \/>\n<script type=\"application\/ld+json\" class=\"yoast-schema-graph\">{\"@context\":\"https:\\\/\\\/schema.org\",\"@graph\":[{\"@type\":\"WebPage\",\"@id\":\"https:\\\/\\\/www.hotellabeauze.fr\\\/de\\\/die-umgebung\\\/\",\"url\":\"https:\\\/\\\/www.hotellabeauze.fr\\\/de\\\/die-umgebung\\\/\",\"name\":\"Die Umgebung - H\u00f4tel la Beauze\",\"isPartOf\":{\"@id\":\"https:\\\/\\\/www.hotellabeauze.fr\\\/#website\"},\"datePublished\":\"2021-12-23T11:12:43+00:00\",\"dateModified\":\"2022-01-25T12:53:25+00:00\",\"breadcrumb\":{\"@id\":\"https:\\\/\\\/www.hotellabeauze.fr\\\/de\\\/die-umgebung\\\/#breadcrumb\"},\"inLanguage\":\"de\",\"potentialAction\":[{\"@type\":\"ReadAction\",\"target\":[\"https:\\\/\\\/www.hotellabeauze.fr\\\/de\\\/die-umgebung\\\/\"]}]},{\"@type\":\"BreadcrumbList\",\"@id\":\"https:\\\/\\\/www.hotellabeauze.fr\\\/de\\\/die-umgebung\\\/#breadcrumb\",\"itemListElement\":[{\"@type\":\"ListItem\",\"position\":1,\"name\":\"Accueil\",\"item\":\"https:\\\/\\\/www.hotellabeauze.fr\\\/de\\\/\"},{\"@type\":\"ListItem\",\"position\":2,\"name\":\"Die Umgebung\"}]},{\"@type\":\"WebSite\",\"@id\":\"https:\\\/\\\/www.hotellabeauze.fr\\\/#website\",\"url\":\"https:\\\/\\\/www.hotellabeauze.fr\\\/\",\"name\":\"H\u00f4tel la Beauze\",\"description\":\"Ouvrez la parenth\u00e8se, ralentissez, profitez.\",\"potentialAction\":[{\"@type\":\"SearchAction\",\"target\":{\"@type\":\"EntryPoint\",\"urlTemplate\":\"https:\\\/\\\/www.hotellabeauze.fr\\\/?s={search_term_string}\"},\"query-input\":{\"@type\":\"PropertyValueSpecification\",\"valueRequired\":true,\"valueName\":\"search_term_string\"}}],\"inLanguage\":\"de\"}]}<\/script>\n<!-- \/ Yoast SEO plugin. -->","yoast_head_json":{"title":"Die Umgebung - H\u00f4tel la Beauze","robots":{"index":"index","follow":"follow","max-snippet":"max-snippet:-1","max-image-preview":"max-image-preview:large","max-video-preview":"max-video-preview:-1"},"canonical":"https:\/\/www.hotellabeauze.fr\/de\/die-umgebung\/","og_locale":"de_DE","og_type":"article","og_title":"Die Umgebung - H\u00f4tel la Beauze","og_description":"Die UmgebungLimousin ist ein Paradies f\u00fcr Naturfreunde (unter anderem Wandern, Angeln, Rad fahren, Reiten und Golf spielen). Limousin besteht aus den D\u00e9partements Creuse, Corr\u00e8ze und Haute-Vienne. Durch das bewaldete und h\u00fcgelige Gebiet str\u00f6men viele Fl\u00fcsse. Die zahllosen Seen, mittelalterlichen D\u00f6rfer, romanischen Kirchen und der charakteristische Baustil machen, dass dieses Gebiet der M\u00fche wert ist, um [&hellip;]","og_url":"https:\/\/www.hotellabeauze.fr\/de\/die-umgebung\/","og_site_name":"H\u00f4tel la Beauze","article_modified_time":"2022-01-25T12:53:25+00:00","twitter_card":"summary_large_image","schema":{"@context":"https:\/\/schema.org","@graph":[{"@type":"WebPage","@id":"https:\/\/www.hotellabeauze.fr\/de\/die-umgebung\/","url":"https:\/\/www.hotellabeauze.fr\/de\/die-umgebung\/","name":"Die Umgebung - H\u00f4tel la Beauze","isPartOf":{"@id":"https:\/\/www.hotellabeauze.fr\/#website"},"datePublished":"2021-12-23T11:12:43+00:00","dateModified":"2022-01-25T12:53:25+00:00","breadcrumb":{"@id":"https:\/\/www.hotellabeauze.fr\/de\/die-umgebung\/#breadcrumb"},"inLanguage":"de","potentialAction":[{"@type":"ReadAction","target":["https:\/\/www.hotellabeauze.fr\/de\/die-umgebung\/"]}]},{"@type":"BreadcrumbList","@id":"https:\/\/www.hotellabeauze.fr\/de\/die-umgebung\/#breadcrumb","itemListElement":[{"@type":"ListItem","position":1,"name":"Accueil","item":"https:\/\/www.hotellabeauze.fr\/de\/"},{"@type":"ListItem","position":2,"name":"Die Umgebung"}]},{"@type":"WebSite","@id":"https:\/\/www.hotellabeauze.fr\/#website","url":"https:\/\/www.hotellabeauze.fr\/","name":"H\u00f4tel la Beauze","description":"Ouvrez la parenth\u00e8se, ralentissez, profitez.","potentialAction":[{"@type":"SearchAction","target":{"@type":"EntryPoint","urlTemplate":"https:\/\/www.hotellabeauze.fr\/?s={search_term_string}"},"query-input":{"@type":"PropertyValueSpecification","valueRequired":true,"valueName":"search_term_string"}}],"inLanguage":"de"}]}},"_links":{"self":[{"href":"https:\/\/www.hotellabeauze.fr\/de\/wp-json\/wp\/v2\/pages\/1014","targetHints":{"allow":["GET"]}}],"collection":[{"href":"https:\/\/www.hotellabeauze.fr\/de\/wp-json\/wp\/v2\/pages"}],"about":[{"href":"https:\/\/www.hotellabeauze.fr\/de\/wp-json\/wp\/v2\/types\/page"}],"author":[{"embeddable":true,"href":"https:\/\/www.hotellabeauze.fr\/de\/wp-json\/wp\/v2\/users\/2"}],"replies":[{"embeddable":true,"href":"https:\/\/www.hotellabeauze.fr\/de\/wp-json\/wp\/v2\/comments?post=1014"}],"version-history":[{"count":8,"href":"https:\/\/www.hotellabeauze.fr\/de\/wp-json\/wp\/v2\/pages\/1014\/revisions"}],"predecessor-version":[{"id":33420,"href":"https:\/\/www.hotellabeauze.fr\/de\/wp-json\/wp\/v2\/pages\/1014\/revisions\/33420"}],"wp:attachment":[{"href":"https:\/\/www.hotellabeauze.fr\/de\/wp-json\/wp\/v2\/media?parent=1014"}],"wp:term":[{"taxonomy":"dipi_cpt_category","embeddable":true,"href":"https:\/\/www.hotellabeauze.fr\/de\/wp-json\/wp\/v2\/dipi_cpt_category?post=1014"}],"curies":[{"name":"wp","href":"https:\/\/api.w.org\/{rel}","templated":true}]}}