{"id":539,"date":"2021-11-16T15:27:03","date_gmt":"2021-11-16T14:27:03","guid":{"rendered":"https:\/\/ww2.hotellabeauze.fr\/?post_type=product&#038;p=539"},"modified":"2024-08-19T10:21:09","modified_gmt":"2024-08-19T08:21:09","slug":"la-23-biere-bio","status":"publish","type":"product","link":"https:\/\/www.hotellabeauze.fr\/en\/produit\/la-23-biere-bio\/","title":{"rendered":"Bi\u00e8re bio la 23"},"content":{"rendered":"<p><strong>La 23 c&#8217;est une bi\u00e8re bio et 100% creusoise !<\/strong><\/p>\n<p>Aux commandes de cette micro-brasserie artisanale, on retrouve 3 amis passionn\u00e9s de bi\u00e8re : C\u00e9cile, Marie et R\u00e9mi qui apr\u00e8s plus de 150 essais ont donn\u00e9 naissance \u00e0 leurs deux premi\u00e8res cuv\u00e9es. Dans leurs bi\u00e8res on retrouve bien \u00e9videmment de l&#8217;orge cultiv\u00e9e et r\u00e9colt\u00e9e par leur soin ainsi que de l&#8217;eau de source du Plateau de Millevaches.<\/p>\n<p>A d\u00e9couvrir \u00e9galement, la limonade bio &#8220;made in Creuse&#8221;, avec du sucre bio non raffin\u00e9 et du jus de citron.<\/p>\n","protected":false},"excerpt":{"rendered":"<p>La 23 c&#8217;est une bi\u00e8re bio et 100% creusoise ! Aux commandes de cette micro-brasserie artisanale, on retrouve 3 amis passionn\u00e9s de bi\u00e8re : C\u00e9cile, Marie et R\u00e9mi qui apr\u00e8s plus de 150 essais ont donn\u00e9 naissance \u00e0 leurs deux premi\u00e8res cuv\u00e9es. Dans leurs bi\u00e8res on retrouve bien \u00e9videmment de l&#8217;orge cultiv\u00e9e et r\u00e9colt\u00e9e par [&hellip;]<\/p>\n","protected":false},"featured_media":553,"template":"","meta":{"_et_pb_use_builder":"","_et_pb_old_content":"","_et_gb_content_width":""},"product_brand":[],"product_cat":[43],"product_tag":[],"class_list":{"0":"post-539","1":"product","2":"type-product","3":"status-publish","4":"has-post-thumbnail","6":"product_cat-biere","8":"first","9":"instock","10":"shipping-taxable","11":"purchasable","12":"product-type-variable"},"yoast_head":"<!-- This site is optimized with the Yoast SEO plugin v27.5 - https:\/\/yoast.com\/product\/yoast-seo-wordpress\/ -->\n<title>Bi\u00e8re bio la 23 - H\u00f4tel la Beauze<\/title>\n<meta name=\"robots\" content=\"index, follow, max-snippet:-1, max-image-preview:large, max-video-preview:-1\" \/>\n<link rel=\"canonical\" href=\"https:\/\/www.hotellabeauze.fr\/produit\/la-23-biere-bio\/\" \/>\n<meta property=\"og:locale\" content=\"en_US\" \/>\n<meta property=\"og:type\" content=\"article\" \/>\n<meta property=\"og:title\" content=\"Bi\u00e8re bio la 23 - H\u00f4tel la Beauze\" \/>\n<meta property=\"og:description\" content=\"La 23 c&#8217;est une bi\u00e8re bio et 100% creusoise ! Aux commandes de cette micro-brasserie artisanale, on retrouve 3 amis passionn\u00e9s de bi\u00e8re : C\u00e9cile, Marie et R\u00e9mi qui apr\u00e8s plus de 150 essais ont donn\u00e9 naissance \u00e0 leurs deux premi\u00e8res cuv\u00e9es. Dans leurs bi\u00e8res on retrouve bien \u00e9videmment de l&#8217;orge cultiv\u00e9e et r\u00e9colt\u00e9e par [&hellip;]\" \/>\n<meta property=\"og:url\" content=\"https:\/\/www.hotellabeauze.fr\/produit\/la-23-biere-bio\/\" \/>\n<meta property=\"og:site_name\" content=\"H\u00f4tel la Beauze\" \/>\n<meta property=\"article:modified_time\" content=\"2024-08-19T08:21:09+00:00\" \/>\n<meta property=\"og:image\" content=\"https:\/\/www.hotellabeauze.fr\/wp-content\/uploads\/2021\/11\/bieres-bio.jpg\" \/>\n\t<meta property=\"og:image:width\" content=\"1500\" \/>\n\t<meta property=\"og:image:height\" content=\"1000\" \/>\n\t<meta property=\"og:image:type\" content=\"image\/jpeg\" \/>\n<meta name=\"twitter:card\" content=\"summary_large_image\" \/>\n<meta name=\"twitter:label1\" content=\"Est. reading time\" \/>\n\t<meta name=\"twitter:data1\" content=\"1 minute\" \/>\n<script type=\"application\/ld+json\" class=\"yoast-schema-graph\">{\"@context\":\"https:\\\/\\\/schema.org\",\"@graph\":[{\"@type\":\"WebPage\",\"@id\":\"https:\\\/\\\/www.hotellabeauze.fr\\\/produit\\\/la-23-biere-bio\\\/\",\"url\":\"https:\\\/\\\/www.hotellabeauze.fr\\\/produit\\\/la-23-biere-bio\\\/\",\"name\":\"Bi\u00e8re bio la 23 - H\u00f4tel la Beauze\",\"isPartOf\":{\"@id\":\"https:\\\/\\\/www.hotellabeauze.fr\\\/#website\"},\"primaryImageOfPage\":{\"@id\":\"https:\\\/\\\/www.hotellabeauze.fr\\\/produit\\\/la-23-biere-bio\\\/#primaryimage\"},\"image\":{\"@id\":\"https:\\\/\\\/www.hotellabeauze.fr\\\/produit\\\/la-23-biere-bio\\\/#primaryimage\"},\"thumbnailUrl\":\"https:\\\/\\\/www.hotellabeauze.fr\\\/wp-content\\\/uploads\\\/2021\\\/11\\\/bieres-bio.jpg\",\"datePublished\":\"2021-11-16T14:27:03+00:00\",\"dateModified\":\"2024-08-19T08:21:09+00:00\",\"breadcrumb\":{\"@id\":\"https:\\\/\\\/www.hotellabeauze.fr\\\/produit\\\/la-23-biere-bio\\\/#breadcrumb\"},\"inLanguage\":\"en-US\",\"potentialAction\":[{\"@type\":\"ReadAction\",\"target\":[\"https:\\\/\\\/www.hotellabeauze.fr\\\/produit\\\/la-23-biere-bio\\\/\"]}]},{\"@type\":\"ImageObject\",\"inLanguage\":\"en-US\",\"@id\":\"https:\\\/\\\/www.hotellabeauze.fr\\\/produit\\\/la-23-biere-bio\\\/#primaryimage\",\"url\":\"https:\\\/\\\/www.hotellabeauze.fr\\\/wp-content\\\/uploads\\\/2021\\\/11\\\/bieres-bio.jpg\",\"contentUrl\":\"https:\\\/\\\/www.hotellabeauze.fr\\\/wp-content\\\/uploads\\\/2021\\\/11\\\/bieres-bio.jpg\",\"width\":1500,\"height\":1000},{\"@type\":\"BreadcrumbList\",\"@id\":\"https:\\\/\\\/www.hotellabeauze.fr\\\/produit\\\/la-23-biere-bio\\\/#breadcrumb\",\"itemListElement\":[{\"@type\":\"ListItem\",\"position\":1,\"name\":\"Accueil\",\"item\":\"https:\\\/\\\/www.hotellabeauze.fr\\\/en\\\/\"},{\"@type\":\"ListItem\",\"position\":2,\"name\":\"Boutique\",\"item\":\"https:\\\/\\\/www.hotellabeauze.fr\\\/boutique\\\/\"},{\"@type\":\"ListItem\",\"position\":3,\"name\":\"Bi\u00e8re bio la 23\"}]},{\"@type\":\"WebSite\",\"@id\":\"https:\\\/\\\/www.hotellabeauze.fr\\\/#website\",\"url\":\"https:\\\/\\\/www.hotellabeauze.fr\\\/\",\"name\":\"H\u00f4tel la Beauze\",\"description\":\"Ouvrez la parenth\u00e8se, ralentissez, profitez.\",\"potentialAction\":[{\"@type\":\"SearchAction\",\"target\":{\"@type\":\"EntryPoint\",\"urlTemplate\":\"https:\\\/\\\/www.hotellabeauze.fr\\\/?s={search_term_string}\"},\"query-input\":{\"@type\":\"PropertyValueSpecification\",\"valueRequired\":true,\"valueName\":\"search_term_string\"}}],\"inLanguage\":\"en-US\"}]}<\/script>\n<!-- \/ Yoast SEO plugin. -->","yoast_head_json":{"title":"Bi\u00e8re bio la 23 - H\u00f4tel la Beauze","robots":{"index":"index","follow":"follow","max-snippet":"max-snippet:-1","max-image-preview":"max-image-preview:large","max-video-preview":"max-video-preview:-1"},"canonical":"https:\/\/www.hotellabeauze.fr\/produit\/la-23-biere-bio\/","og_locale":"en_US","og_type":"article","og_title":"Bi\u00e8re bio la 23 - H\u00f4tel la Beauze","og_description":"La 23 c&#8217;est une bi\u00e8re bio et 100% creusoise ! Aux commandes de cette micro-brasserie artisanale, on retrouve 3 amis passionn\u00e9s de bi\u00e8re : C\u00e9cile, Marie et R\u00e9mi qui apr\u00e8s plus de 150 essais ont donn\u00e9 naissance \u00e0 leurs deux premi\u00e8res cuv\u00e9es. Dans leurs bi\u00e8res on retrouve bien \u00e9videmment de l&#8217;orge cultiv\u00e9e et r\u00e9colt\u00e9e par [&hellip;]","og_url":"https:\/\/www.hotellabeauze.fr\/produit\/la-23-biere-bio\/","og_site_name":"H\u00f4tel la Beauze","article_modified_time":"2024-08-19T08:21:09+00:00","og_image":[{"width":1500,"height":1000,"url":"https:\/\/www.hotellabeauze.fr\/wp-content\/uploads\/2021\/11\/bieres-bio.jpg","type":"image\/jpeg"}],"twitter_card":"summary_large_image","twitter_misc":{"Est. reading time":"1 minute"},"schema":{"@context":"https:\/\/schema.org","@graph":[{"@type":"WebPage","@id":"https:\/\/www.hotellabeauze.fr\/produit\/la-23-biere-bio\/","url":"https:\/\/www.hotellabeauze.fr\/produit\/la-23-biere-bio\/","name":"Bi\u00e8re bio la 23 - H\u00f4tel la Beauze","isPartOf":{"@id":"https:\/\/www.hotellabeauze.fr\/#website"},"primaryImageOfPage":{"@id":"https:\/\/www.hotellabeauze.fr\/produit\/la-23-biere-bio\/#primaryimage"},"image":{"@id":"https:\/\/www.hotellabeauze.fr\/produit\/la-23-biere-bio\/#primaryimage"},"thumbnailUrl":"https:\/\/www.hotellabeauze.fr\/wp-content\/uploads\/2021\/11\/bieres-bio.jpg","datePublished":"2021-11-16T14:27:03+00:00","dateModified":"2024-08-19T08:21:09+00:00","breadcrumb":{"@id":"https:\/\/www.hotellabeauze.fr\/produit\/la-23-biere-bio\/#breadcrumb"},"inLanguage":"en-US","potentialAction":[{"@type":"ReadAction","target":["https:\/\/www.hotellabeauze.fr\/produit\/la-23-biere-bio\/"]}]},{"@type":"ImageObject","inLanguage":"en-US","@id":"https:\/\/www.hotellabeauze.fr\/produit\/la-23-biere-bio\/#primaryimage","url":"https:\/\/www.hotellabeauze.fr\/wp-content\/uploads\/2021\/11\/bieres-bio.jpg","contentUrl":"https:\/\/www.hotellabeauze.fr\/wp-content\/uploads\/2021\/11\/bieres-bio.jpg","width":1500,"height":1000},{"@type":"BreadcrumbList","@id":"https:\/\/www.hotellabeauze.fr\/produit\/la-23-biere-bio\/#breadcrumb","itemListElement":[{"@type":"ListItem","position":1,"name":"Accueil","item":"https:\/\/www.hotellabeauze.fr\/en\/"},{"@type":"ListItem","position":2,"name":"Boutique","item":"https:\/\/www.hotellabeauze.fr\/boutique\/"},{"@type":"ListItem","position":3,"name":"Bi\u00e8re bio la 23"}]},{"@type":"WebSite","@id":"https:\/\/www.hotellabeauze.fr\/#website","url":"https:\/\/www.hotellabeauze.fr\/","name":"H\u00f4tel la Beauze","description":"Ouvrez la parenth\u00e8se, ralentissez, profitez.","potentialAction":[{"@type":"SearchAction","target":{"@type":"EntryPoint","urlTemplate":"https:\/\/www.hotellabeauze.fr\/?s={search_term_string}"},"query-input":{"@type":"PropertyValueSpecification","valueRequired":true,"valueName":"search_term_string"}}],"inLanguage":"en-US"}]}},"_links":{"self":[{"href":"https:\/\/www.hotellabeauze.fr\/en\/wp-json\/wp\/v2\/product\/539","targetHints":{"allow":["GET"]}}],"collection":[{"href":"https:\/\/www.hotellabeauze.fr\/en\/wp-json\/wp\/v2\/product"}],"about":[{"href":"https:\/\/www.hotellabeauze.fr\/en\/wp-json\/wp\/v2\/types\/product"}],"wp:featuredmedia":[{"embeddable":true,"href":"https:\/\/www.hotellabeauze.fr\/en\/wp-json\/wp\/v2\/media\/553"}],"wp:attachment":[{"href":"https:\/\/www.hotellabeauze.fr\/en\/wp-json\/wp\/v2\/media?parent=539"}],"wp:term":[{"taxonomy":"product_brand","embeddable":true,"href":"https:\/\/www.hotellabeauze.fr\/en\/wp-json\/wp\/v2\/product_brand?post=539"},{"taxonomy":"product_cat","embeddable":true,"href":"https:\/\/www.hotellabeauze.fr\/en\/wp-json\/wp\/v2\/product_cat?post=539"},{"taxonomy":"product_tag","embeddable":true,"href":"https:\/\/www.hotellabeauze.fr\/en\/wp-json\/wp\/v2\/product_tag?post=539"}],"curies":[{"name":"wp","href":"https:\/\/api.w.org\/{rel}","templated":true}]}}