{"id":645,"date":"2021-11-16T15:52:22","date_gmt":"2021-11-16T14:52:22","guid":{"rendered":"https:\/\/ww2.hotellabeauze.fr\/?post_type=product&#038;p=645"},"modified":"2024-08-19T10:23:34","modified_gmt":"2024-08-19T08:23:34","slug":"confiture-extra-domaine-de-baudry","status":"publish","type":"product","link":"https:\/\/www.hotellabeauze.fr\/nl\/produit\/confiture-extra-domaine-de-baudry\/","title":{"rendered":"Confiture Extra et Gourmande Domaine de Baudry"},"content":{"rendered":"<h3>Le Domaine de Baudry, une histoire de famille !<\/h3>\n<h4>L&#8217;histoire de fruits au DOMAINE de BAUDRY<\/h4>\n<p>C&#8217;est dans la petite commune de Saint-Hilaire de Pionsat, situ\u00e9e au c\u0153ur des Combrailles entre bocage et campagne que Jacques et Anne-Marie B\u00f4ne plant\u00e8rent, 60 ans plus t\u00f4t, leurs premiers framboisiers pour en faire des fruits \u00e0 l&#8217;alcool.<\/p>\n<p>Puis, gr\u00e2ce aux recettes de la grand-m\u00e8re, viennent les premi\u00e8res fabrications artisanales de confitures et de gel\u00e9es essentiellement \u00e0 base de framboises, de myrtilles, de m\u00fbres, d&#8217;\u00e9glantiers ou encore de pissenlits.<br \/>\nAujourd&#8217;hui, le DOMAINE DE BAUDRY est repris par les enfants de Jacques et Anne-Marie, et c&#8217;est tout naturellement dans cette atmosph\u00e8re de fruits, de saveur et d&#8217;authenticit\u00e9, que perp\u00e9tue la tradition du &#8220;bon go\u00fbt de notre enfance&#8221; en cherchant de multiples fa\u00e7ons de faire conna\u00eetre la g\u00e9n\u00e9rosit\u00e9 des fruits \u00e0 travers les marques &#8220;Domaine de Baudry&#8221;, &#8220;Histoire de Fruits&#8221; et &#8220;Confiture de ma Grand-M\u00e8re auvergnate&#8221;.<br \/>\nLe savoir-faire au DOMAINE de BAUDRY, c\u2019est le respect des traditions de nos Grands-m\u00e8res<\/p>\n","protected":false},"excerpt":{"rendered":"<p>Le Domaine de Baudry, une histoire de famille ! L&#8217;histoire de fruits au DOMAINE de BAUDRY C&#8217;est dans la petite commune de Saint-Hilaire de Pionsat, situ\u00e9e au c\u0153ur des Combrailles entre bocage et campagne que Jacques et Anne-Marie B\u00f4ne plant\u00e8rent, 60 ans plus t\u00f4t, leurs premiers framboisiers pour en faire des fruits \u00e0 l&#8217;alcool. Puis, [&hellip;]<\/p>\n","protected":false},"featured_media":635,"template":"","meta":{"_et_pb_use_builder":"","_et_pb_old_content":"","_et_gb_content_width":""},"product_brand":[],"product_cat":[52],"product_tag":[],"class_list":{"0":"post-645","1":"product","2":"type-product","3":"status-publish","4":"has-post-thumbnail","6":"product_cat-confiture","8":"first","9":"instock","10":"shipping-taxable","11":"purchasable","12":"product-type-variable"},"yoast_head":"<!-- This site is optimized with the Yoast SEO plugin v27.5 - https:\/\/yoast.com\/product\/yoast-seo-wordpress\/ -->\n<title>Confiture Extra et Gourmande Domaine de Baudry - H\u00f4tel la Beauze<\/title>\n<meta name=\"robots\" content=\"index, follow, max-snippet:-1, max-image-preview:large, max-video-preview:-1\" \/>\n<link rel=\"canonical\" href=\"https:\/\/www.hotellabeauze.fr\/produit\/confiture-extra-domaine-de-baudry\/\" \/>\n<meta property=\"og:locale\" content=\"nl_NL\" \/>\n<meta property=\"og:type\" content=\"article\" \/>\n<meta property=\"og:title\" content=\"Confiture Extra et Gourmande Domaine de Baudry - H\u00f4tel la Beauze\" \/>\n<meta property=\"og:description\" content=\"Le Domaine de Baudry, une histoire de famille ! L&#8217;histoire de fruits au DOMAINE de BAUDRY C&#8217;est dans la petite commune de Saint-Hilaire de Pionsat, situ\u00e9e au c\u0153ur des Combrailles entre bocage et campagne que Jacques et Anne-Marie B\u00f4ne plant\u00e8rent, 60 ans plus t\u00f4t, leurs premiers framboisiers pour en faire des fruits \u00e0 l&#8217;alcool. Puis, [&hellip;]\" \/>\n<meta property=\"og:url\" content=\"https:\/\/www.hotellabeauze.fr\/produit\/confiture-extra-domaine-de-baudry\/\" \/>\n<meta property=\"og:site_name\" content=\"H\u00f4tel la Beauze\" \/>\n<meta property=\"article:modified_time\" content=\"2024-08-19T08:23:34+00:00\" \/>\n<meta property=\"og:image\" content=\"https:\/\/www.hotellabeauze.fr\/wp-content\/uploads\/2021\/11\/confitures-2.jpg\" \/>\n\t<meta property=\"og:image:width\" content=\"1500\" \/>\n\t<meta property=\"og:image:height\" content=\"1000\" \/>\n\t<meta property=\"og:image:type\" content=\"image\/jpeg\" \/>\n<meta name=\"twitter:card\" content=\"summary_large_image\" \/>\n<meta name=\"twitter:label1\" content=\"Geschatte leestijd\" \/>\n\t<meta name=\"twitter:data1\" content=\"1 minuut\" \/>\n<script type=\"application\/ld+json\" class=\"yoast-schema-graph\">{\"@context\":\"https:\\\/\\\/schema.org\",\"@graph\":[{\"@type\":\"WebPage\",\"@id\":\"https:\\\/\\\/www.hotellabeauze.fr\\\/produit\\\/confiture-extra-domaine-de-baudry\\\/\",\"url\":\"https:\\\/\\\/www.hotellabeauze.fr\\\/produit\\\/confiture-extra-domaine-de-baudry\\\/\",\"name\":\"Confiture Extra et Gourmande Domaine de Baudry - H\u00f4tel la Beauze\",\"isPartOf\":{\"@id\":\"https:\\\/\\\/www.hotellabeauze.fr\\\/#website\"},\"primaryImageOfPage\":{\"@id\":\"https:\\\/\\\/www.hotellabeauze.fr\\\/produit\\\/confiture-extra-domaine-de-baudry\\\/#primaryimage\"},\"image\":{\"@id\":\"https:\\\/\\\/www.hotellabeauze.fr\\\/produit\\\/confiture-extra-domaine-de-baudry\\\/#primaryimage\"},\"thumbnailUrl\":\"https:\\\/\\\/www.hotellabeauze.fr\\\/wp-content\\\/uploads\\\/2021\\\/11\\\/confitures-2.jpg\",\"datePublished\":\"2021-11-16T14:52:22+00:00\",\"dateModified\":\"2024-08-19T08:23:34+00:00\",\"breadcrumb\":{\"@id\":\"https:\\\/\\\/www.hotellabeauze.fr\\\/produit\\\/confiture-extra-domaine-de-baudry\\\/#breadcrumb\"},\"inLanguage\":\"nl-NL\",\"potentialAction\":[{\"@type\":\"ReadAction\",\"target\":[\"https:\\\/\\\/www.hotellabeauze.fr\\\/produit\\\/confiture-extra-domaine-de-baudry\\\/\"]}]},{\"@type\":\"ImageObject\",\"inLanguage\":\"nl-NL\",\"@id\":\"https:\\\/\\\/www.hotellabeauze.fr\\\/produit\\\/confiture-extra-domaine-de-baudry\\\/#primaryimage\",\"url\":\"https:\\\/\\\/www.hotellabeauze.fr\\\/wp-content\\\/uploads\\\/2021\\\/11\\\/confitures-2.jpg\",\"contentUrl\":\"https:\\\/\\\/www.hotellabeauze.fr\\\/wp-content\\\/uploads\\\/2021\\\/11\\\/confitures-2.jpg\",\"width\":1500,\"height\":1000},{\"@type\":\"BreadcrumbList\",\"@id\":\"https:\\\/\\\/www.hotellabeauze.fr\\\/produit\\\/confiture-extra-domaine-de-baudry\\\/#breadcrumb\",\"itemListElement\":[{\"@type\":\"ListItem\",\"position\":1,\"name\":\"Accueil\",\"item\":\"https:\\\/\\\/www.hotellabeauze.fr\\\/\"},{\"@type\":\"ListItem\",\"position\":2,\"name\":\"Boutique\",\"item\":\"https:\\\/\\\/www.hotellabeauze.fr\\\/boutique\\\/\"},{\"@type\":\"ListItem\",\"position\":3,\"name\":\"Confiture Extra et Gourmande Domaine de Baudry\"}]},{\"@type\":\"WebSite\",\"@id\":\"https:\\\/\\\/www.hotellabeauze.fr\\\/#website\",\"url\":\"https:\\\/\\\/www.hotellabeauze.fr\\\/\",\"name\":\"H\u00f4tel la Beauze\",\"description\":\"Ouvrez la parenth\u00e8se, ralentissez, profitez.\",\"potentialAction\":[{\"@type\":\"SearchAction\",\"target\":{\"@type\":\"EntryPoint\",\"urlTemplate\":\"https:\\\/\\\/www.hotellabeauze.fr\\\/?s={search_term_string}\"},\"query-input\":{\"@type\":\"PropertyValueSpecification\",\"valueRequired\":true,\"valueName\":\"search_term_string\"}}],\"inLanguage\":\"nl-NL\"}]}<\/script>\n<!-- \/ Yoast SEO plugin. -->","yoast_head_json":{"title":"Confiture Extra et Gourmande Domaine de Baudry - H\u00f4tel la Beauze","robots":{"index":"index","follow":"follow","max-snippet":"max-snippet:-1","max-image-preview":"max-image-preview:large","max-video-preview":"max-video-preview:-1"},"canonical":"https:\/\/www.hotellabeauze.fr\/produit\/confiture-extra-domaine-de-baudry\/","og_locale":"nl_NL","og_type":"article","og_title":"Confiture Extra et Gourmande Domaine de Baudry - H\u00f4tel la Beauze","og_description":"Le Domaine de Baudry, une histoire de famille ! L&#8217;histoire de fruits au DOMAINE de BAUDRY C&#8217;est dans la petite commune de Saint-Hilaire de Pionsat, situ\u00e9e au c\u0153ur des Combrailles entre bocage et campagne que Jacques et Anne-Marie B\u00f4ne plant\u00e8rent, 60 ans plus t\u00f4t, leurs premiers framboisiers pour en faire des fruits \u00e0 l&#8217;alcool. Puis, [&hellip;]","og_url":"https:\/\/www.hotellabeauze.fr\/produit\/confiture-extra-domaine-de-baudry\/","og_site_name":"H\u00f4tel la Beauze","article_modified_time":"2024-08-19T08:23:34+00:00","og_image":[{"width":1500,"height":1000,"url":"https:\/\/www.hotellabeauze.fr\/wp-content\/uploads\/2021\/11\/confitures-2.jpg","type":"image\/jpeg"}],"twitter_card":"summary_large_image","twitter_misc":{"Geschatte leestijd":"1 minuut"},"schema":{"@context":"https:\/\/schema.org","@graph":[{"@type":"WebPage","@id":"https:\/\/www.hotellabeauze.fr\/produit\/confiture-extra-domaine-de-baudry\/","url":"https:\/\/www.hotellabeauze.fr\/produit\/confiture-extra-domaine-de-baudry\/","name":"Confiture Extra et Gourmande Domaine de Baudry - H\u00f4tel la Beauze","isPartOf":{"@id":"https:\/\/www.hotellabeauze.fr\/#website"},"primaryImageOfPage":{"@id":"https:\/\/www.hotellabeauze.fr\/produit\/confiture-extra-domaine-de-baudry\/#primaryimage"},"image":{"@id":"https:\/\/www.hotellabeauze.fr\/produit\/confiture-extra-domaine-de-baudry\/#primaryimage"},"thumbnailUrl":"https:\/\/www.hotellabeauze.fr\/wp-content\/uploads\/2021\/11\/confitures-2.jpg","datePublished":"2021-11-16T14:52:22+00:00","dateModified":"2024-08-19T08:23:34+00:00","breadcrumb":{"@id":"https:\/\/www.hotellabeauze.fr\/produit\/confiture-extra-domaine-de-baudry\/#breadcrumb"},"inLanguage":"nl-NL","potentialAction":[{"@type":"ReadAction","target":["https:\/\/www.hotellabeauze.fr\/produit\/confiture-extra-domaine-de-baudry\/"]}]},{"@type":"ImageObject","inLanguage":"nl-NL","@id":"https:\/\/www.hotellabeauze.fr\/produit\/confiture-extra-domaine-de-baudry\/#primaryimage","url":"https:\/\/www.hotellabeauze.fr\/wp-content\/uploads\/2021\/11\/confitures-2.jpg","contentUrl":"https:\/\/www.hotellabeauze.fr\/wp-content\/uploads\/2021\/11\/confitures-2.jpg","width":1500,"height":1000},{"@type":"BreadcrumbList","@id":"https:\/\/www.hotellabeauze.fr\/produit\/confiture-extra-domaine-de-baudry\/#breadcrumb","itemListElement":[{"@type":"ListItem","position":1,"name":"Accueil","item":"https:\/\/www.hotellabeauze.fr\/"},{"@type":"ListItem","position":2,"name":"Boutique","item":"https:\/\/www.hotellabeauze.fr\/boutique\/"},{"@type":"ListItem","position":3,"name":"Confiture Extra et Gourmande Domaine de Baudry"}]},{"@type":"WebSite","@id":"https:\/\/www.hotellabeauze.fr\/#website","url":"https:\/\/www.hotellabeauze.fr\/","name":"H\u00f4tel la Beauze","description":"Ouvrez la parenth\u00e8se, ralentissez, profitez.","potentialAction":[{"@type":"SearchAction","target":{"@type":"EntryPoint","urlTemplate":"https:\/\/www.hotellabeauze.fr\/?s={search_term_string}"},"query-input":{"@type":"PropertyValueSpecification","valueRequired":true,"valueName":"search_term_string"}}],"inLanguage":"nl-NL"}]}},"_links":{"self":[{"href":"https:\/\/www.hotellabeauze.fr\/nl\/wp-json\/wp\/v2\/product\/645","targetHints":{"allow":["GET"]}}],"collection":[{"href":"https:\/\/www.hotellabeauze.fr\/nl\/wp-json\/wp\/v2\/product"}],"about":[{"href":"https:\/\/www.hotellabeauze.fr\/nl\/wp-json\/wp\/v2\/types\/product"}],"wp:featuredmedia":[{"embeddable":true,"href":"https:\/\/www.hotellabeauze.fr\/nl\/wp-json\/wp\/v2\/media\/635"}],"wp:attachment":[{"href":"https:\/\/www.hotellabeauze.fr\/nl\/wp-json\/wp\/v2\/media?parent=645"}],"wp:term":[{"taxonomy":"product_brand","embeddable":true,"href":"https:\/\/www.hotellabeauze.fr\/nl\/wp-json\/wp\/v2\/product_brand?post=645"},{"taxonomy":"product_cat","embeddable":true,"href":"https:\/\/www.hotellabeauze.fr\/nl\/wp-json\/wp\/v2\/product_cat?post=645"},{"taxonomy":"product_tag","embeddable":true,"href":"https:\/\/www.hotellabeauze.fr\/nl\/wp-json\/wp\/v2\/product_tag?post=645"}],"curies":[{"name":"wp","href":"https:\/\/api.w.org\/{rel}","templated":true}]}}